{"id":4900,"date":"2024-11-29T07:53:20","date_gmt":"2024-11-29T06:53:20","guid":{"rendered":"https:\/\/kingfisherspain.es\/?page_id=4900"},"modified":"2024-11-29T08:05:38","modified_gmt":"2024-11-29T07:05:38","slug":"abonnement-au-bulletin-dinformation","status":"publish","type":"page","link":"https:\/\/kingfisherspain.es\/fr\/newsletter-subscribe\/","title":{"rendered":"S'inscrire \u00e0 notre lettre d'information - Benal Beach - Kingfisher Apartments"},"content":{"rendered":"<div id=\"sp-page\" class=\"spBgcover sp-content-1\" style=\"background-color: rgb(255, 255, 255); background-image: url('https:\/\/kingfisherspain.es\/wp-content\/uploads\/2024\/11\/kingfisher-apartments-benal-beach-non-refundable-savings.jpg'); font-family: Inter, sans-serif; font-weight: 500;\">\n<section id=\"sp-mm096s9ksquj\" data-mobile-visibility=\"#sp-mm096s9ksquj|false\" data-tablet-visibility=\"#sp-mm096s9ksquj|false\" data-desktop-visibility=\"#sp-mm096s9ksquj|false\" data-mobile-css=\"\" data-tablet-css=\"\" class=\"sp-el-section  spBgcover\" style=\"background-color: rgba(255, 255, 255, 0.76); width: 100%; max-width: 100%; padding: 10px;\">\n<div id=\"sp-bn6kngjckq0k\" data-mobile-visibility=\"#sp-bn6kngjckq0k|false\" data-tablet-visibility=\"#sp-bn6kngjckq0k|false\" data-desktop-visibility=\"#sp-bn6kngjckq0k|false\" data-mobile-css=\"\" data-tablet-css=\"\" class=\"sp-el-row sp-w-full  sp-m-auto spBgcover sm:sp-flex sp-justify-between\" style=\"padding: 0px; width: auto; max-width: 1000px;\">\n<div id=\"sp-syu0tgg5iuvn\" data-mobile-visibility=\"#sp-syu0tgg5iuvn|false\" data-tablet-visibility=\"#sp-syu0tgg5iuvn|false\" data-desktop-visibility=\"#sp-syu0tgg5iuvn|false\" data-mobile-css=\"\" data-tablet-css=\"\" class=\"sp-el-col  spBgcover sp-w-full\" style=\"width: calc(50% + 0px);\">\n<figure id=\"sp-tcth1c8j6ifs\" data-mobile-css=\"#sp-tcth1c8j6ifs|text-align:center;\" data-tablet-css=\"#sp-tcth1c8j6ifs|text-align:center;\" class=\"sp-image-wrapper sp-el-block\" style=\"margin: 0px; text-align: left;\">\n<div><span><img decoding=\"async\" src=\"https:\/\/kingfisherspain.es\/wp-content\/uploads\/2020\/11\/extra_small-logo-no-text-solid-no-background.png\" alt=\"Benal Beach - Kingfisher Apartments - Locations de vacances - Logo Icon - R\u00e9servez directement et \u00e9conomisez !\" width=\"200\" height=\"200\" data-dynamic-tag=\"\" data-image-src=\"wpmedia\" data-mobile-visibility=\".sp-image-block-tcth1c8j6ifs|false\" data-tablet-visibility=\".sp-image-block-tcth1c8j6ifs|false\" data-desktop-visibility=\".sp-image-block-tcth1c8j6ifs|false\" srcset=\" https:\/\/kingfisherspain.es\/wp-content\/uploads\/2020\/11\/extra_small-logo-no-text-solid-no-background-150x150.png 150w, https:\/\/kingfisherspain.es\/wp-content\/uploads\/2020\/11\/extra_small-logo-no-text-solid-no-background.png 200w\" class=\"sp-image-block-tcth1c8j6ifs custom-preview-class\" style=\"width: 80px;\"><\/span><\/div>\n<div id=\"sp-image-dynamic-tags-js-tcth1c8j6ifs\"><script>jQuery(function() { image_dynamic_tags('tcth1c8j6ifs' );});<\/script><\/div>\n<\/figure>\n<\/div>\n<div id=\"sp-m3jb0ehm7l5p\" data-mobile-visibility=\"#sp-m3jb0ehm7l5p|false\" data-tablet-visibility=\"#sp-m3jb0ehm7l5p|false\" data-desktop-visibility=\"#sp-m3jb0ehm7l5p|false\" data-mobile-css=\"\" data-tablet-css=\"\" class=\"sp-el-col  spBgcover sp-w-full\" style=\"width: calc(50% + 0px);\">\n<div id=\"sp-vg2nm6\" data-mobile-css=\"#sp-vg2nm6|height:40px;\" data-tablet-css=\"#sp-vg2nm6|height:10px;\" class=\"sp-spacer\" style=\"height: 10px;\"><\/div>\n<div id=\"sp-rlsc0x\" data-mobile-css=\"#sp-rlsc0x .nav-menu .menu-item |text-align:right\" data-tablet-css=\"#sp-rlsc0x .nav-menu .menu-item |text-align:right\" data-mobile-visibility=\".sp-nav-menu-block-rlsc0x|false\" data-tablet-visibility=\".sp-nav-menu-block-rlsc0x|false\" data-desktop-visibility=\".sp-nav-menu-block-rlsc0x|false\" class=\"sp-nav sp-flex sp-el-block sp-justify-end sp-nav-menu-block-rlsc0x\" style=\"margin: 19px 0px 0px; font-size: 20px; color: rgb(79, 68, 68); font-weight: bold;\">\n<style type=\"text\/css\" data-mobile-css=\"\" data-tablet-css=\"\"><\/style>\n<style type=\"text\/css\" data-mobile-css=\"#sp-rlsc0x ul li a |text-align:right\" data-tablet-css=\"#sp-rlsc0x ul li a |text-align:right\"><\/style>\n<style type=\"text\/css\">\n    #sp-rlsc0x .seedprod-menu-horizontal .nav-menu .menu-item ,#sp-rlsc0x .seedprod-menu-horizontal .nav-menu .seedprod-menu-heading , #sp-rlsc0x .seedprod-menu-separator {padding:0px 19.5px}<\/p>\n<p>    #sp-rlsc0x .nav-menu ul.sub-menu {box-shadow:0 25px 50px -12px rgba(0, 0, 0, 0.25)}<\/p>\n<p>    #sp-rlsc0x ul li a {font-size:20px;font-weight:bold}<\/p>\n<p>    #sp-rlsc0x .seedprod-menu-horizontal .nav-menu .separator.menu-item { padding:0px; }<\/p>\n<p>    #sp-rlsc0x .custom-restricted-width .menu-item{padding:19.5px 0px}<\/p>\n<p>    #sp-rlsc0x .seedprod-menu-list li a {color:#4F4444;text-align:right}\n    #sp-rlsc0x .seedprod-menu-list li{color:#4F4444;text-align:right}<\/p>\n<p>    #sp-rlsc0x .seedprod-menu-list li a:hover {text-align:right}<\/p>\n<p>    #sp-rlsc0x .sub-menu {border-radius:6px;padding:4px 4px 4px 4px }<\/p>\n<p>    #sp-rlsc0x .sub-menu a {color:#4F4444}<\/p>\n<p>    #sp-rlsc0x ul.seedprod-menu-list ul.sub-menu li a:hover{}<\/p>\n<p>    #sp-rlsc0x .bar{background-color:#4F4444;}\n  <\/style>\n<div class=\"sp-nested-nav-wrapper h sp-nav-classside-mobile-menu\">\n<div class=\"seedprod-menu seedprod-menu-builder seedprod-menu-horizontal sp-mobile-menu-false\">\n<nav class=\"nav-bar\">\n<div class=\"hamburger\"><span class=\"bar\"><\/span><span class=\"bar\"><\/span><span class=\"bar\"><\/span><\/div>\n<div class=\"nav-menu\">\n<div class=\"nav-menu-bar\">\n<ul class=\"seedprod-menu-list\" style=\"list-style-type: none;\">\n<li class=\"menu-item\"><a href=\"\/\" target=\"\" rel=\"\" style=\"color: rgb(79, 68, 68);\"><span>Accueil<\/span><\/a><\/li>\n<li class=\"menu-item\"><span class=\"sp-navmenu-list-items-divider\" style=\"padding: 0px 19.5px;\"> | <\/span><a href=\"https:\/\/hotels.cloudbeds.com\/en\/reservation\/50kcqQ\/\" target=\"\" rel=\"\" style=\"color: rgb(79, 68, 68);\"><span>R\u00e9servez d\u00e8s maintenant !<\/span><\/a><\/li>\n<\/ul>\n<\/div>\n<\/div>\n<\/nav>\n<\/div>\n<\/div>\n<\/div>\n<\/div>\n<\/div>\n<\/section>\n<section id=\"sp-qtqg8d6w0ji8\" data-mobile-visibility=\"#sp-qtqg8d6w0ji8|false\" data-tablet-visibility=\"#sp-qtqg8d6w0ji8|false\" data-desktop-visibility=\"#sp-qtqg8d6w0ji8|false\" data-mobile-css=\"\" data-tablet-css=\"\" class=\"sp-el-section  spBgcover\" style=\"width: 100%; max-width: 100%; padding: 0px; margin-top: 98px;\">\n<div id=\"sp-x8zliavpjeiy\" data-mobile-visibility=\"#sp-x8zliavpjeiy|false\" data-tablet-visibility=\"#sp-x8zliavpjeiy|false\" data-desktop-visibility=\"#sp-x8zliavpjeiy|false\" data-mobile-css=\"\" data-tablet-css=\"\" class=\"sp-el-row sp-w-full  sp-m-auto spBgcover sm:sp-flex sp-justify-between\" style=\"padding: 0px; background-color: rgb(255, 255, 255); width: auto; max-width: 630px; border-radius: 8px 8px 0px 0px;\">\n<div id=\"sp-vnrgzc59i2u\" data-mobile-visibility=\"#sp-vnrgzc59i2u|false\" data-tablet-visibility=\"#sp-vnrgzc59i2u|false\" data-desktop-visibility=\"#sp-vnrgzc59i2u|false\" data-mobile-css=\"\" data-tablet-css=\"\" class=\"sp-el-col  spBgcover sp-w-full\" style=\"width: calc(100% + 0px);\">\n<figure id=\"sp-etr3un\" data-mobile-css=\"#sp-etr3un|text-align:center;\" data-tablet-css=\"#sp-etr3un|text-align:center;\" class=\"sp-image-wrapper sp-el-block\" style=\"margin: -133px 0px 0px; text-align: center;\">\n<div><span><img fetchpriority=\"high\" decoding=\"async\" src=\"https:\/\/kingfisherspain.es\/wp-content\/uploads\/2020\/11\/cropped-extra_small-logo-no-text-solid-no-background.png\" alt=\"Benal Beach - Kingfisher Apartments - Location de vacances - Logo iconique - R\u00e9servez directement et \u00e9conomisez !\" width=\"512\" height=\"512\" data-dynamic-tag=\"\" data-image-src=\"wpmedia\" data-mobile-visibility=\".sp-image-block-etr3un|false\" data-tablet-visibility=\".sp-image-block-etr3un|false\" data-desktop-visibility=\".sp-image-block-etr3un|false\" srcset=\" https:\/\/kingfisherspain.es\/wp-content\/uploads\/2020\/11\/cropped-extra_small-logo-no-text-solid-no-background-150x150.png 150w, https:\/\/kingfisherspain.es\/wp-content\/uploads\/2020\/11\/cropped-extra_small-logo-no-text-solid-no-background-300x300.png 300w, https:\/\/kingfisherspain.es\/wp-content\/uploads\/2020\/11\/cropped-extra_small-logo-no-text-solid-no-background.png 512w\" class=\"sp-image-block-etr3un custom-preview-class\" style=\"width: 188px;\"><\/span><\/div>\n<div id=\"sp-image-dynamic-tags-js-etr3un\"><script>jQuery(function() { image_dynamic_tags('etr3un' );});<\/script><\/div>\n<\/figure>\n<p><span href=\"\" target=\"\" rel=\"\" class=\"sp-header-block-link\" style=\"text-decoration: none;\"><\/p>\n<h1 id=\"sp-kkt1y7mlecmi\" data-mobile-css=\".sp-headline-block-kkt1y7mlecmi, #sp-kkt1y7mlecmi, #kkt1y7mlecmi|text-align:center;\" data-tablet-css=\".sp-headline-block-kkt1y7mlecmi, #sp-kkt1y7mlecmi, #kkt1y7mlecmi|text-align:center;\" data-mobile-visibility=\".sp-headline-block-kkt1y7mlecmi|false\" data-tablet-visibility=\".sp-headline-block-kkt1y7mlecmi|false\" data-desktop-visibility=\".sp-headline-block-kkt1y7mlecmi|false\" class=\"sp-css-target sp-el-block sp-headline-block-kkt1y7mlecmi sp-type-header\" style=\"font-size: 40px; text-align: center; margin: -53px 0px 0px;\">S'abonner \u00e0 notre lettre d'information<\/h1>\n<p><\/span><\/p>\n<div id=\"sp-fqd4idljoh5c\" data-mobile-css=\".sp-text-wrapper-fqd4idljoh5c, #sp-fqd4idljoh5c, #fqd4idljoh5c|text-align:left;\" data-tablet-css=\".sp-text-wrapper-fqd4idljoh5c, #sp-fqd4idljoh5c, #fqd4idljoh5c|text-align:left;\" data-mobile-visibility=\".sp-text-wrapper-fqd4idljoh5c|false\" data-tablet-visibility=\".sp-text-wrapper-fqd4idljoh5c|false\" data-desktop-visibility=\".sp-text-wrapper-fqd4idljoh5c|false\" class=\"sp-css-target sp-text-wrapper sp-el-block sp-text-wrapper-fqd4idljoh5c\" style=\"font-size: 18px; margin: 0px; text-align: center;\">\n<p>Offres exclusives et cadeaux gratuits<\/p>\n<\/div>\n<div id=\"sp-b7hamn\" data-mobile-css=\"#sp-b7hamn|height:40px;\" data-tablet-css=\"#sp-b7hamn|height:10px;\" class=\"sp-spacer\" style=\"height: 27px;\"><\/div>\n<\/div>\n<\/div>\n<\/section>\n<section id=\"sp-iugns7cdqwmh\" data-mobile-visibility=\"#sp-iugns7cdqwmh|false\" data-tablet-visibility=\"#sp-iugns7cdqwmh|false\" data-desktop-visibility=\"#sp-iugns7cdqwmh|false\" data-mobile-css=\"\" data-tablet-css=\"\" class=\"sp-el-section  spBgcover\" style=\"width: 100%; max-width: 100%; padding: 0px;\">\n<div id=\"sp-wpdzq90fezy\" data-mobile-visibility=\"#sp-wpdzq90fezy|false\" data-tablet-visibility=\"#sp-wpdzq90fezy|false\" data-desktop-visibility=\"#sp-wpdzq90fezy|false\" data-mobile-css=\"\" data-tablet-css=\"\" class=\"sp-el-row sp-w-full  sp-m-auto spBgcover sm:sp-flex sp-justify-between\" style=\"padding: 10px 30px; background-color: rgb(58, 65, 149); width: auto; max-width: 630px; border-radius: 0px 0px 8px 8px;\">\n<div id=\"sp-pd44hk8d63h6\" data-mobile-visibility=\"#sp-pd44hk8d63h6|false\" data-tablet-visibility=\"#sp-pd44hk8d63h6|false\" data-desktop-visibility=\"#sp-pd44hk8d63h6|false\" data-mobile-css=\"\" data-tablet-css=\"\" class=\"sp-el-col  spBgcover sp-w-full\" style=\"width: calc(100% + 0px);\">\n<div id=\"sp-a448m32dn98a\" data-mobile-css=\".sp-text-wrapper-a448m32dn98a, #sp-a448m32dn98a, #a448m32dn98a|text-align:left;\" data-tablet-css=\".sp-text-wrapper-a448m32dn98a, #sp-a448m32dn98a, #a448m32dn98a|text-align:left;\" data-mobile-visibility=\".sp-text-wrapper-a448m32dn98a|false\" data-tablet-visibility=\".sp-text-wrapper-a448m32dn98a|false\" data-desktop-visibility=\".sp-text-wrapper-a448m32dn98a|false\" class=\"sp-css-target sp-text-wrapper sp-el-block sp-text-wrapper-a448m32dn98a\" style=\"font-size: 20px; color: rgb(255, 255, 255); margin: 0px; text-align: center;\">\n<p>Inscrivez-vous \u00e0 notre lettre d'information et recevez <strong>acc\u00e8s anticip\u00e9<\/strong> \u00e0 nos offres et <strong>gratuit<\/strong> giveaways. (We promise we won&#8217;t spam you!)<\/p>\n<\/div>\n<div id=\"sp-pezk5o3rnicw\" data-mobile-css=\"\" data-tablet-css=\"\" data-mobile-visibility=\".sp-optin-form-block-pezk5o3rnicw|false\" data-tablet-visibility=\".sp-optin-form-block-pezk5o3rnicw|false\" data-desktop-visibility=\".sp-optin-form-block-pezk5o3rnicw|false\" class=\"sp-optin-wrapper sp-el-block sp-optin-form-block-pezk5o3rnicw\" style=\"font-size: 22px; margin: 7px 0px 0px; text-align: center;\">\n<form id=\"sp-optin-form-pezk5o3rnicw\" class=\"sp-w-full sp-flex sp-flex-wrap\" style=\"justify-content: center;\" action=\"\"><input type=\"hidden\" name=\"page_id\" value=\"4900\"><input type=\"hidden\" name=\"page_uuid\" value=\"d68fc0a2-450d-4981-b6f5-ac313f84dbe1\"><input type=\"hidden\" name=\"site_token\" value=\"c5e5b2ea-b04c-447a-b6d1-f8e2fd8e10d7\"><input type=\"hidden\" name=\"user_id\" value=\"63370\"><input type=\"hidden\" name=\"redirect_url\" value=\"\/newsletter-confirmed\"><input type=\"hidden\" name=\"seedprod_action\" value=\"2\"><input type=\"hidden\" name=\"email_integration_id\"><\/p>\n<div class=\"sp-flex sp-optinform-field\" style=\"width: 70%;\"><input type=\"email\" name=\"email\" required=\"required\" placeholder=\"Saisissez votre adresse \u00e9lectronique\" class=\"sp-form-input sp-w-full sp-mb-3\" style=\"border-color: rgba(255, 255, 255, 0); border-width: 1px; border-style: solid; background-color: rgba(255, 255, 255, 0.25); color: rgb(255, 255, 255); padding: 12px; font-size: 20px;\"><\/div>\n<div class=\"sp-optinform-btn\" style=\"width: 30%;\"><button class=\"sp-button          sp-optin-submit          sp-text-center          sp-inline-block          sp-leading-none          sp-w-full         sp-input-size-4\" style=\"color: rgb(255, 255, 255); padding: 0px 20px; background: rgb(232, 161, 123);\"><span>S'abonner<\/span><\/button><\/div>\n<div id=\"recaptcha-pezk5o3rnicw\"><\/div>\n<input type=\"hidden\" name=\"trp-form-language\" value=\"fr\"\/><\/form>\n<div id=\"sp-optin-success-pezk5o3rnicw\" class=\"sp-hidden sp-text-center sp-my-8\">Thank You, we&#8217;ll be in touch soon.<\/div>\n<\/div>\n<div id=\"sp-kazgugxez8rl\" data-mobile-css=\".sp-text-wrapper-kazgugxez8rl, #sp-kazgugxez8rl, #kazgugxez8rl|text-align:left;\" data-tablet-css=\".sp-text-wrapper-kazgugxez8rl, #sp-kazgugxez8rl, #kazgugxez8rl|text-align:left;\" data-mobile-visibility=\".sp-text-wrapper-kazgugxez8rl|false\" data-tablet-visibility=\".sp-text-wrapper-kazgugxez8rl|false\" data-desktop-visibility=\".sp-text-wrapper-kazgugxez8rl|false\" class=\"sp-css-target sp-text-wrapper sp-el-block sp-text-wrapper-kazgugxez8rl\" style=\"font-size: 14px; color: rgb(217, 215, 215); margin: 0px; text-align: center;\">\n<p>Nous respectons votre vie priv\u00e9e. Vous pouvez vous d\u00e9sabonner \u00e0 tout moment.<\/p>\n<\/div>\n<div id=\"sp-xs2t7gfg7qkq\" data-mobile-css=\"#sp-xs2t7gfg7qkq|height:40px;\" data-tablet-css=\"#sp-xs2t7gfg7qkq|height:10px;\" class=\"sp-spacer\" style=\"height: 7px;\"><\/div>\n<\/div>\n<\/div>\n<\/section>\n<section id=\"sp-p7j7prmtrya4\" data-mobile-visibility=\"#sp-p7j7prmtrya4|false\" data-tablet-visibility=\"#sp-p7j7prmtrya4|false\" data-desktop-visibility=\"#sp-p7j7prmtrya4|false\" data-mobile-css=\"\" data-tablet-css=\"\" class=\"sp-el-section  spBgcover\" style=\"width: 100%; max-width: 100%; padding: 10px;\">\n<div id=\"sp-c0i49lp4mn487\" data-mobile-visibility=\"#sp-c0i49lp4mn487|false\" data-tablet-visibility=\"#sp-c0i49lp4mn487|false\" data-desktop-visibility=\"#sp-c0i49lp4mn487|false\" data-mobile-css=\"\" data-tablet-css=\"\" class=\"sp-el-row sp-w-full  sp-m-auto spBgcover sm:sp-flex sp-justify-between\" style=\"padding: 0px; width: auto; max-width: 1000px;\">\n<div id=\"sp-yiim7yd88h8\" data-mobile-visibility=\"#sp-yiim7yd88h8|false\" data-tablet-visibility=\"#sp-yiim7yd88h8|false\" data-desktop-visibility=\"#sp-yiim7yd88h8|false\" data-mobile-css=\"\" data-tablet-css=\"\" class=\"sp-el-col  spBgcover sp-w-full\" style=\"width: calc(100% + 0px);\">\n<div id=\"sp-ykchj5\" data-mobile-css=\"#sp-ykchj5|height:40px;\" data-tablet-css=\"#sp-ykchj5|height:10px;\" class=\"sp-spacer\" style=\"height: 60px;\"><\/div>\n<div id=\"sp-mgbmrt14qd5\" data-mobile-css=\".sp-text-wrapper-mgbmrt14qd5, #sp-mgbmrt14qd5, #mgbmrt14qd5|text-align:left;\" data-tablet-css=\".sp-text-wrapper-mgbmrt14qd5, #sp-mgbmrt14qd5, #mgbmrt14qd5|text-align:left;\" data-mobile-visibility=\".sp-text-wrapper-mgbmrt14qd5|false\" data-tablet-visibility=\".sp-text-wrapper-mgbmrt14qd5|false\" data-desktop-visibility=\".sp-text-wrapper-mgbmrt14qd5|false\" class=\"sp-css-target sp-text-wrapper sp-el-block sp-text-wrapper-mgbmrt14qd5\" style=\"font-size: 13px; margin: 0px; text-align: center;\">\n<p>Copyright \u00a9 SeedProd<\/p>\n<\/div>\n<\/div>\n<\/div>\n<\/section>\n<\/div>","protected":false},"excerpt":{"rendered":"<p>Home | Book now! Subscribe to our Newsletter Exclusive deals and free giveaways Join our Newsletter and get early access to our offers and free giveaways. (We promise we won&#8217;t spam you!) Subscribe Thank You, we&#8217;ll be in touch soon. [&hellip;]<\/p>\n","protected":false},"author":1,"featured_media":0,"parent":0,"menu_order":0,"comment_status":"closed","ping_status":"closed","template":"","meta":{"_seopress_robots_primary_cat":"","_seopress_titles_title":"Sign up to our newsletter - Benal Beach - Kingfisher Apartments","_seopress_titles_desc":"Subscribe to Kingfisher Apartments for exclusive offers, the best rates, holiday tips, and free giveaways. Start planning your perfect Benalm\u00e1dena getaway today!","_seopress_robots_index":"","footnotes":""},"class_list":["post-4900","page","type-page","status-publish","hentry"],"_links":{"self":[{"href":"https:\/\/kingfisherspain.es\/fr\/wp-json\/wp\/v2\/pages\/4900","targetHints":{"allow":["GET"]}}],"collection":[{"href":"https:\/\/kingfisherspain.es\/fr\/wp-json\/wp\/v2\/pages"}],"about":[{"href":"https:\/\/kingfisherspain.es\/fr\/wp-json\/wp\/v2\/types\/page"}],"author":[{"embeddable":true,"href":"https:\/\/kingfisherspain.es\/fr\/wp-json\/wp\/v2\/users\/1"}],"replies":[{"embeddable":true,"href":"https:\/\/kingfisherspain.es\/fr\/wp-json\/wp\/v2\/comments?post=4900"}],"version-history":[{"count":6,"href":"https:\/\/kingfisherspain.es\/fr\/wp-json\/wp\/v2\/pages\/4900\/revisions"}],"predecessor-version":[{"id":4911,"href":"https:\/\/kingfisherspain.es\/fr\/wp-json\/wp\/v2\/pages\/4900\/revisions\/4911"}],"wp:attachment":[{"href":"https:\/\/kingfisherspain.es\/fr\/wp-json\/wp\/v2\/media?parent=4900"}],"curies":[{"name":"wp","href":"https:\/\/api.w.org\/{rel}","templated":true}]}}