{"id":4283,"date":"2024-10-13T20:13:44","date_gmt":"2024-10-13T19:13:44","guid":{"rendered":"https:\/\/kingfisherspain.es\/?page_id=4283"},"modified":"2024-10-13T20:16:07","modified_gmt":"2024-10-13T19:16:07","slug":"kingfisher-bokningsbekraftelse","status":"publish","type":"page","link":"https:\/\/kingfisherspain.es\/sv\/kingfisher-booking-confirmation\/","title":{"rendered":"Bokningsbekr\u00e4ftelse"},"content":{"rendered":"<div id=\"sp-page\" class=\"spBgcover sp-content-4\" style=\"background-color: rgb(242, 246, 237); background-image: url('https:\/\/kingfisherspain.es\/wp-content\/uploads\/2024\/10\/203300.jpg'); font-family: 'Source Sans Pro', sans-serif; font-weight: 400;\">\n<section id=\"sp-ks8a8s\" data-mobile-visibility=\"#sp-ks8a8s|false\" data-tablet-visibility=\"#sp-ks8a8s|false\" data-desktop-visibility=\"#sp-ks8a8s|false\" data-mobile-css=\"\" data-tablet-css=\"\" class=\"sp-el-section\" style=\"width: 100%; max-width: 100%; padding: 10px;\">\n<div id=\"sp-vw3kvy\" data-mobile-visibility=\"#sp-vw3kvy|false\" data-tablet-visibility=\"#sp-vw3kvy|false\" data-desktop-visibility=\"#sp-vw3kvy|false\" data-mobile-css=\"\" data-tablet-css=\"\" class=\"sp-el-row sp-w-full  sp-m-auto sm:sp-flex sp-justify-between\" style=\"padding: 0px; width: auto; max-width: 550px;\">\n<div id=\"sp-qsfps3\" data-mobile-visibility=\"#sp-qsfps3|false\" data-tablet-visibility=\"#sp-qsfps3|false\" data-desktop-visibility=\"#sp-qsfps3|false\" data-mobile-css=\"\" data-tablet-css=\"\" class=\"sp-el-col  sp-w-full\" style=\"width: calc(100% + 0px);\">\n<figure id=\"sp-jsw8t9\" data-mobile-css=\"#sp-jsw8t9|text-align:center;\" data-tablet-css=\"#sp-jsw8t9|text-align:center;\" class=\"sp-image-wrapper sp-el-block\" style=\"margin: 0px; text-align: center;\">\n<div><span><a href=\"https:\/\/kingfisherspain.es\/\" target=\"\" rel=\"noopener\" class=\"sp-inline-block\"><img fetchpriority=\"high\" decoding=\"async\" src=\"https:\/\/kingfisherspain.es\/wp-content\/uploads\/2020\/11\/cropped-extra_small-logo-no-text-solid-no-background.png\" alt=\"Benal Beach - Kingfisher Apartments - Semesterbost\u00e4der - Logotypikon - Boka direkt och spara!\" width=\"512\" height=\"512\" srcset=\" https:\/\/kingfisherspain.es\/wp-content\/uploads\/2020\/11\/cropped-extra_small-logo-no-text-solid-no-background-150x150.png 150w, https:\/\/kingfisherspain.es\/wp-content\/uploads\/2020\/11\/cropped-extra_small-logo-no-text-solid-no-background-300x300.png 300w, https:\/\/kingfisherspain.es\/wp-content\/uploads\/2020\/11\/cropped-extra_small-logo-no-text-solid-no-background.png 512w\" data-mobile-visibility=\".sp-image-block-jsw8t9|false\" data-tablet-visibility=\".sp-image-block-jsw8t9|false\" data-desktop-visibility=\".sp-image-block-jsw8t9|false\" class=\"sp-image-block-jsw8t9\" style=\"width: 190px;\"><\/a><\/span><\/div>\n<div id=\"sp-image-dynamic-tags-js-jsw8t9\"><script>jQuery(function() { image_dynamic_tags('jsw8t9' );});<\/script><\/div>\n<\/figure>\n<p><span href=\"\" target=\"\" rel=\"\" class=\"sp-header-block-link\" style=\"text-decoration: none;\"><\/p>\n<h1 id=\"sp-m072zh\" data-mobile-css=\".sp-headline-block-m072zh, #sp-m072zh, #m072zh|text-align:center;\" data-tablet-css=\".sp-headline-block-m072zh, #sp-m072zh, #m072zh|text-align:center;\" data-mobile-visibility=\".sp-headline-block-m072zh|false\" data-tablet-visibility=\".sp-headline-block-m072zh|false\" data-desktop-visibility=\".sp-headline-block-m072zh|false\" class=\"sp-css-target sp-el-block sp-headline-block-m072zh sp-type-header\" style=\"font-size: 42px; text-align: center; margin: 0px;\"><span style=\"color: #ffffff; background-color: #df7c55;\">Din bokning \u00e4r klar<\/span><\/h1>\n<p><\/span><\/p>\n<div id=\"sp-xqa8zm\" data-mobile-css=\".sp-text-wrapper-xqa8zm, #sp-xqa8zm, #xqa8zm|text-align:left;\" data-tablet-css=\".sp-text-wrapper-xqa8zm, #sp-xqa8zm, #xqa8zm|text-align:left;\" data-mobile-visibility=\".sp-text-wrapper-xqa8zm|false\" data-tablet-visibility=\".sp-text-wrapper-xqa8zm|false\" data-desktop-visibility=\".sp-text-wrapper-xqa8zm|false\" class=\"sp-css-target sp-text-wrapper sp-el-block sp-text-wrapper-xqa8zm\" style=\"margin: 0px; text-align: center;\">\n<p><span style=\"color: #ffffff; background-color: #df7c55;\">We&#8217;ve sent your free report to your inbox so it&#8217;s easy to access. You can find more information on our website and social pages.<\/span><\/p>\n<\/div>\n<div id=\"sp-dpvzaa\" data-mobile-css=\"#sp-dpvzaa|height:40px;\" data-tablet-css=\"#sp-dpvzaa|height:10px;\" class=\"sp-spacer\" style=\"height: 30px;\"><\/div>\n<\/div>\n<\/div>\n<div id=\"sp-skzrzu\" data-mobile-visibility=\"#sp-skzrzu|false\" data-tablet-visibility=\"#sp-skzrzu|false\" data-desktop-visibility=\"#sp-skzrzu|false\" data-mobile-css=\"\" data-tablet-css=\"\" class=\"sp-el-row sp-w-full  sp-m-auto sm:sp-flex sp-justify-between\" style=\"padding: 0px; width: auto; max-width: 690px;\">\n<div id=\"sp-ibx72v\" data-mobile-visibility=\"#sp-ibx72v|false\" data-tablet-visibility=\"#sp-ibx72v|false\" data-desktop-visibility=\"#sp-ibx72v|false\" data-mobile-css=\"\" data-tablet-css=\"\" class=\"sp-el-col  sp-w-full\" style=\"background-color: rgb(255, 255, 255); width: calc(50% - 20px); padding: 40px 45px;\"><span href=\"\" target=\"\" rel=\"\" class=\"sp-header-block-link\" style=\"text-decoration: none;\"><\/p>\n<h1 id=\"sp-lkfmws\" data-mobile-css=\".sp-headline-block-lkfmws, #sp-lkfmws, #lkfmws|text-align:center;\" data-tablet-css=\".sp-headline-block-lkfmws, #sp-lkfmws, #lkfmws|text-align:center;\" data-mobile-visibility=\".sp-headline-block-lkfmws|false\" data-tablet-visibility=\".sp-headline-block-lkfmws|false\" data-desktop-visibility=\".sp-headline-block-lkfmws|false\" class=\"sp-css-target sp-el-block sp-headline-block-lkfmws sp-type-header\" style=\"font-size: 25px; text-align: center; margin: 0px;\">H\u00e5ll kontakten med oss<\/h1>\n<p><\/span><\/p>\n<div id=\"sp-qwa4ud\" data-mobile-css=\"#sp-qwa4ud|height:40px;\" data-tablet-css=\"#sp-qwa4ud|height:10px;\" class=\"sp-spacer\" style=\"height: 20px;\"><\/div>\n<div id=\"sp-p6ge6j\" data-mobile-css=\"#sp-p6ge6j|justify-content:center;\" data-tablet-css=\"#sp-p6ge6j|justify-content:center;\" data-mobile-visibility=\".sp-socialprofiles-block-p6ge6j|false\" data-tablet-visibility=\".sp-socialprofiles-block-p6ge6j|false\" data-desktop-visibility=\".sp-socialprofiles-block-p6ge6j|false\" class=\"sp-socialprofiles-wrapper sp-flex sp-el-block sp-socialprofiles-style-2 sp-socialprofiles-block-p6ge6j\" style=\"text-align: center; justify-content: center; margin: 0px;\"><a href=\"https:\/\/www.instagram.com\/kingfisherspain\/\" target=\"_blank\" class=\"sp-sp sp-whitespace-no-wrap sp-sp-instagram sp-sp-md\" style=\"width: 39px; height: 39px; border-radius: 99px; color: rgb(255, 255, 255); margin: 0px 10px 0px 0px;\" rel=\"noopener\"><i class=\"fa-fw fa-instagram fab\" style=\"font-size: 24px;\"><\/i><\/a><a href=\"https:\/\/www.facebook.com\/kingfisherspain\" target=\"_blank\" class=\"sp-sp sp-whitespace-no-wrap sp-sp-facebook sp-sp-md\" style=\"width: 39px; height: 39px; border-radius: 99px; color: rgb(255, 255, 255); margin: 0px 10px 0px 0px;\" rel=\"noopener\"><i class=\"fa-fw fa-facebook fab\" style=\"font-size: 24px;\"><\/i><\/a><a href=\"https:\/\/web.whatsapp.com\/send?phone=34952440659&amp;text=\" target=\"_blank\" class=\"sp-sp sp-whitespace-no-wrap sp-sp-whatsapp sp-sp-md\" style=\"width: 39px; height: 39px; border-radius: 99px; color: rgb(255, 255, 255); margin: 0px 10px 0px 0px;\" rel=\"noopener\"><i class=\"fa-fw fa-whatsapp fab\" style=\"font-size: 24px;\"><\/i><\/a><a href=\"tel:tel:0034952440659\" target=\"_blank\" class=\"sp-sp sp-whitespace-no-wrap sp-sp-phone sp-sp-md\" style=\"width: 39px; height: 39px; border-radius: 99px; color: rgb(255, 255, 255); margin: 0px 10px 0px 0px;\" rel=\"noopener\"><i class=\"fa-fw fa-phone fas\" style=\"font-size: 24px;\"><\/i><\/a><a href=\"mailto:info@kingfisherspain.com\" target=\"_blank\" class=\"sp-sp sp-whitespace-no-wrap sp-sp-envelope sp-sp-md\" style=\"width: 39px; height: 39px; border-radius: 99px; color: rgb(255, 255, 255);\" rel=\"noopener\"><i class=\"fa-fw fa-envelope fas\" style=\"font-size: 24px;\"><\/i><\/a><\/div>\n<\/div>\n<div id=\"sp-c7eh90\" data-mobile-visibility=\"#sp-c7eh90|false\" data-tablet-visibility=\"#sp-c7eh90|false\" data-desktop-visibility=\"#sp-c7eh90|false\" data-mobile-css=\"\" data-tablet-css=\"\" class=\"sp-el-col  sp-w-full\" style=\"background-color: rgb(255, 255, 255); width: calc(50% - 20px); padding: 40px 45px;\"><span href=\"\" target=\"\" rel=\"\" class=\"sp-header-block-link\" style=\"text-decoration: none;\"><\/p>\n<h1 id=\"sp-l2vios\" data-mobile-css=\".sp-headline-block-l2vios, #sp-l2vios, #l2vios|text-align:center;\" data-tablet-css=\".sp-headline-block-l2vios, #sp-l2vios, #l2vios|text-align:center;\" data-mobile-visibility=\".sp-headline-block-l2vios|false\" data-tablet-visibility=\".sp-headline-block-l2vios|false\" data-desktop-visibility=\".sp-headline-block-l2vios|false\" class=\"sp-css-target sp-el-block sp-headline-block-l2vios sp-type-header\" style=\"font-size: 25px; text-align: center; margin: 0px;\">Bes\u00f6k v\u00e5r hemsida f\u00f6r mer information<\/h1>\n<p><\/span><\/p>\n<div id=\"sp-hga93n\" data-mobile-css=\"#sp-hga93n|height:40px;\" data-tablet-css=\"#sp-hga93n|height:10px;\" class=\"sp-spacer\" style=\"height: 20px;\"><\/div>\n<div id=\"sp-button-parent-x7j45v\" data-mobile-css=\"#sp-button-parent-x7j45v|text-align:center;\" data-tablet-css=\"#sp-button-parent-x7j45v|text-align:center;\" class=\"sp-button-wrapper sp-el-block\" style=\"margin: 0px; text-align: center;\"><a href=\"https:\/\/kingfisherspain.es\/\" id=\"sp-x7j45v\" data-mobile-css=\"\" data-tablet-css=\"\" data-mobile-visibility=\".sp-button-x7j45v|false\" data-tablet-visibility=\".sp-button-x7j45v|false\" data-desktop-visibility=\".sp-button-x7j45v|false\" target=\"\" rel=\"noopener\" class=\"sp-button sp-css-target sp-text-center sp-inline-block sp-leading-none sp-button-x7j45v\" style=\"font-size: 22px; background: rgb(0, 184, 129); color: rgb(255, 255, 255); width: auto; padding: 12px 20px; border-radius: 5px;\"><span>Bes\u00f6k webbplatsen<\/span><\/a><\/div>\n<\/div>\n<\/div>\n<\/section>\n<section id=\"sp-g24e84\" data-mobile-visibility=\"#sp-g24e84|false\" data-tablet-visibility=\"#sp-g24e84|false\" data-desktop-visibility=\"#sp-g24e84|false\" data-mobile-css=\"\" data-tablet-css=\"\" class=\"sp-el-section\" style=\"width: 100%; max-width: 100%;\">\n<div id=\"sp-ugpdlh\" data-mobile-visibility=\"#sp-ugpdlh|false\" data-tablet-visibility=\"#sp-ugpdlh|false\" data-desktop-visibility=\"#sp-ugpdlh|false\" data-mobile-css=\"\" data-tablet-css=\"\" class=\"sp-el-row sp-w-full  sp-m-auto sm:sp-flex sp-justify-between\">\n<div id=\"sp-jjhf3m\" data-mobile-visibility=\"#sp-jjhf3m|false\" data-tablet-visibility=\"#sp-jjhf3m|false\" data-desktop-visibility=\"#sp-jjhf3m|false\" data-mobile-css=\"\" data-tablet-css=\"\" class=\"sp-el-col  sp-w-full\" style=\"width: calc(100% + 0px);\">\n<div id=\"sp-iszoxo\" data-mobile-css=\"#sp-iszoxo|height:40px;\" data-tablet-css=\"#sp-iszoxo|height:10px;\" class=\"sp-spacer\" style=\"height: 96px;\"><\/div>\n<div id=\"sp-rdx6sg\" data-mobile-visibility=\".sp-custom-html-block-rdx6sg|false\" data-tablet-visibility=\".sp-custom-html-block-rdx6sg|false\" data-desktop-visibility=\".sp-custom-html-block-rdx6sg|false\" data-mobile-css=\"\" data-tablet-css=\"\" class=\"sp-code-wrapper sp-el-block sp-custom-html-block-rdx6sg\" style=\"margin: 0px;\">\n<div class=\"sp-html\"><script defer=\"\" async=\"\" src=\"https:\/\/cdn.trustindex.io\/loader-feed.js?f096d88358a33929411695a4606\"><\/script><\/div>\n<\/div>\n<\/div>\n<\/div>\n<\/section>\n<\/div>","protected":false},"excerpt":{"rendered":"<p>Your reservation is complete We&#8217;ve sent your free report to your inbox so it&#8217;s easy to access. You can find more information on our website and social pages. Stay in touch with us Visit our website for more details Visit [&hellip;]<\/p>\n","protected":false},"author":1,"featured_media":0,"parent":0,"menu_order":0,"comment_status":"closed","ping_status":"closed","template":"","meta":{"_seopress_robots_primary_cat":"","_seopress_titles_title":"","_seopress_titles_desc":"","_seopress_robots_index":"","footnotes":""},"class_list":["post-4283","page","type-page","status-publish","hentry"],"_links":{"self":[{"href":"https:\/\/kingfisherspain.es\/sv\/wp-json\/wp\/v2\/pages\/4283","targetHints":{"allow":["GET"]}}],"collection":[{"href":"https:\/\/kingfisherspain.es\/sv\/wp-json\/wp\/v2\/pages"}],"about":[{"href":"https:\/\/kingfisherspain.es\/sv\/wp-json\/wp\/v2\/types\/page"}],"author":[{"embeddable":true,"href":"https:\/\/kingfisherspain.es\/sv\/wp-json\/wp\/v2\/users\/1"}],"replies":[{"embeddable":true,"href":"https:\/\/kingfisherspain.es\/sv\/wp-json\/wp\/v2\/comments?post=4283"}],"version-history":[{"count":9,"href":"https:\/\/kingfisherspain.es\/sv\/wp-json\/wp\/v2\/pages\/4283\/revisions"}],"predecessor-version":[{"id":4288,"href":"https:\/\/kingfisherspain.es\/sv\/wp-json\/wp\/v2\/pages\/4283\/revisions\/4288"}],"wp:attachment":[{"href":"https:\/\/kingfisherspain.es\/sv\/wp-json\/wp\/v2\/media?parent=4283"}],"curies":[{"name":"wp","href":"https:\/\/api.w.org\/{rel}","templated":true}]}}